{"id":13700,"date":"2023-11-05T09:07:42","date_gmt":"2023-11-05T07:07:42","guid":{"rendered":"https:\/\/geosense.ro\/echipa\/"},"modified":"2026-05-11T15:46:06","modified_gmt":"2026-05-11T12:46:06","slug":"echipa","status":"publish","type":"page","link":"https:\/\/geosense.ro\/ro\/echipa\/","title":{"rendered":"Echipa"},"content":{"rendered":"\t\t<div data-elementor-type=\"wp-page\" data-elementor-id=\"13700\" class=\"elementor elementor-13700 elementor-1473\">\n\t\t\t\t<div class=\"elementor-element elementor-element-9338b12 e-con-full e-flex e-con e-parent\" data-id=\"9338b12\" data-element_type=\"container\" data-e-type=\"container\">\n\t\t\t\t<div class=\"elementor-element elementor-element-599d9de elementor-widget elementor-widget-our-team-grid\" data-id=\"599d9de\" data-element_type=\"widget\" data-e-type=\"widget\" data-widget_type=\"our-team-grid.default\">\n\t\t\t\t<div class=\"elementor-widget-container\">\n\t\t\t\t\t\n\n\n        <div class=\"row\">\n\n\n\n                           <div class=\"col-lg-3 col-md-6\">\n                    <div class=\"team-style-1\">\n                <div class=\"team-member\">\n                        <div class=\"team-images\">\n             <img fetchpriority=\"high\" decoding=\"async\" width=\"700\" height=\"748\" src=\"https:\/\/geosense.ro\/wp-content\/uploads\/2025\/10\/daniela_faur-700x748.jpg\" class=\"attachment-labtox-700x848 size-labtox-700x848 wp-post-image\" alt=\"\" srcset=\"https:\/\/geosense.ro\/wp-content\/uploads\/2025\/10\/daniela_faur-700x748.jpg 700w, https:\/\/geosense.ro\/wp-content\/uploads\/2025\/10\/daniela_faur-450x480.jpg 450w\" sizes=\"(max-width: 700px) 100vw, 700px\" \/>            <div class=\"team-social-list\">\n                <span class=\"team-share-icon\"><i class=\"bi bi-share\"><\/i><\/span>\n<ul class=\"team-social-icon list-inline mb-0\">\n\t\t\t\t<!-- By Doru\n                <li><a href=\"https:\/\/scholar.google.ro\/citations?user=yp3fV5QAAAAJ&amp;hl=en\"><i class=\"bi bi-google\"><\/i><\/a><\/li>\n                <li><a href=\"https:\/\/www.linkedin.com\/in\/daniela-faur-7175621\/\"><i class=\"bi bi-linkedin\"><\/i><\/a><\/li>\n                <li><a href=\"\"><i class=\"\"><\/i><\/a><\/li>\n                <li><a href=\"\"><i class=\"\"><\/i><\/a><\/li>\n\t\t\t\t-->\n\t<li><a href=\"https:\/\/scholar.google.ro\/citations?user=yp3fV5QAAAAJ&#038;hl=en\" target=\"_blank\" rel=\"noopener noreferrer\"><i class=\"bi bi-google\"><\/i><\/a><\/li><li><a href=\"https:\/\/www.linkedin.com\/in\/daniela-faur-7175621\/\" target=\"_blank\" rel=\"noopener noreferrer\"><i class=\"bi bi-linkedin\"><\/i><\/a><\/li>            <\/ul>\n\n            <svg xmlns=\"http:\/\/www.w3.org\/2000\/svg\" viewBox=\"0 0 100 100\">\n          <path d=\"m100,0H0v100C0,44.77,44.77,0,100,0Z\" fill=\"#FFF\"> \n          <\/path>\n          <\/svg>\n            <svg xmlns=\"http:\/\/www.w3.org\/2000\/svg\" viewBox=\"0 0 100 100\">\n          <path d=\"m100,0H0v100C0,44.77,44.77,0,100,0Z\" fill=\"#FFF\"> \n          <\/path>\n          <\/svg> \n            <\/div>\n          <\/div>\n                        <div class=\"team-desc\">\n                        <h4><a href=\"https:\/\/geosense.ro\/ro\/team\/daniela-faur\/\">Daniela FAUR<\/a><\/h4>\n                        <span>Lab coordinator, Senior Researcher<\/span>\n                        <\/div>\n\n        <\/div>\n    <\/div>\n              <\/div>\n                              <div class=\"col-lg-3 col-md-6\">\n                    <div class=\"team-style-1\">\n                <div class=\"team-member\">\n                        <div class=\"team-images\">\n             <img decoding=\"async\" width=\"700\" height=\"748\" src=\"https:\/\/geosense.ro\/wp-content\/uploads\/2025\/01\/dragos.sacaleanu-700x748.jpg\" class=\"attachment-labtox-700x848 size-labtox-700x848 wp-post-image\" alt=\"Drago\u0219 S\u0103c\u0103leanu\" srcset=\"https:\/\/geosense.ro\/wp-content\/uploads\/2025\/01\/dragos.sacaleanu-700x748.jpg 700w, https:\/\/geosense.ro\/wp-content\/uploads\/2025\/01\/dragos.sacaleanu-450x480.jpg 450w\" sizes=\"(max-width: 700px) 100vw, 700px\" \/>            <div class=\"team-social-list\">\n                <span class=\"team-share-icon\"><i class=\"bi bi-share\"><\/i><\/span>\n<ul class=\"team-social-icon list-inline mb-0\">\n\t\t\t\t<!-- By Doru\n                <li><a href=\"https:\/\/scholar.google.com\/citations?user=Uk47-NwAAAAJ&amp;hl=ro\"><i class=\"bi bi-google\"><\/i><\/a><\/li>\n                <li><a href=\"https:\/\/www.linkedin.com\/in\/dragos-sacaleanu\/?originalSubdomain=ro\"><i class=\"bi bi-linkedin\"><\/i><\/a><\/li>\n                <li><a href=\"https:\/\/crescdi.pub.ro\/#\/profile\/1838\"><i class=\"bi bi-link-45deg\"><\/i><\/a><\/li>\n                <li><a href=\"https:\/\/www.researchgate.net\/profile\/Di-Sacaleanu\"><i class=\"bi bi-link-45deg\"><\/i><\/a><\/li>\n\t\t\t\t-->\n\t<li><a href=\"https:\/\/scholar.google.com\/citations?user=Uk47-NwAAAAJ&#038;hl=ro\" target=\"_blank\" rel=\"noopener noreferrer\"><i class=\"bi bi-google\"><\/i><\/a><\/li><li><a href=\"https:\/\/www.linkedin.com\/in\/dragos-sacaleanu\/?originalSubdomain=ro\" target=\"_blank\" rel=\"noopener noreferrer\"><i class=\"bi bi-linkedin\"><\/i><\/a><\/li><li><a href=\"https:\/\/crescdi.pub.ro\/#\/profile\/1838\" target=\"_blank\" rel=\"noopener noreferrer\"><i class=\"bi bi-link-45deg\"><\/i><\/a><\/li><li><a href=\"https:\/\/www.researchgate.net\/profile\/Di-Sacaleanu\" target=\"_blank\" rel=\"noopener noreferrer\"><i class=\"bi bi-link-45deg\"><\/i><\/a><\/li>            <\/ul>\n\n            <svg xmlns=\"http:\/\/www.w3.org\/2000\/svg\" viewBox=\"0 0 100 100\">\n          <path d=\"m100,0H0v100C0,44.77,44.77,0,100,0Z\" fill=\"#FFF\"> \n          <\/path>\n          <\/svg>\n            <svg xmlns=\"http:\/\/www.w3.org\/2000\/svg\" viewBox=\"0 0 100 100\">\n          <path d=\"m100,0H0v100C0,44.77,44.77,0,100,0Z\" fill=\"#FFF\"> \n          <\/path>\n          <\/svg> \n            <\/div>\n          <\/div>\n                        <div class=\"team-desc\">\n                        <h4><a href=\"https:\/\/geosense.ro\/ro\/team\/dragos-ioan-sacaleanu\/\">Drago\u015f-Ioan S\u0102C\u0102LEANU<\/a><\/h4>\n                        <span>Researcher<\/span>\n                        <\/div>\n\n        <\/div>\n    <\/div>\n              <\/div>\n                              <div class=\"col-lg-3 col-md-6\">\n                    <div class=\"team-style-1\">\n                <div class=\"team-member\">\n                        <div class=\"team-images\">\n             <img decoding=\"async\" width=\"700\" height=\"748\" src=\"https:\/\/geosense.ro\/wp-content\/uploads\/2024\/12\/team-male-700x748.webp\" class=\"attachment-labtox-700x848 size-labtox-700x848 wp-post-image\" alt=\"\" srcset=\"https:\/\/geosense.ro\/wp-content\/uploads\/2024\/12\/team-male-700x748.webp 700w, https:\/\/geosense.ro\/wp-content\/uploads\/2024\/12\/team-male-450x480.webp 450w\" sizes=\"(max-width: 700px) 100vw, 700px\" \/>            <div class=\"team-social-list\">\n                <span class=\"team-share-icon\"><i class=\"bi bi-share\"><\/i><\/span>\n<ul class=\"team-social-icon list-inline mb-0\">\n\t\t\t\t<!-- By Doru\n                <li><a href=\"https:\/\/scholar.google.com\/citations?user=zC9VzB0AAAAJ&amp;hl=en\"><i class=\"bi bi-google\"><\/i><\/a><\/li>\n                <li><a href=\"https:\/\/www.linkedin.com\/in\/tcostachioiu\/\"><i class=\"bi bi-linkedin\"><\/i><\/a><\/li>\n                <li><a href=\"https:\/\/github.com\/tcostachioiu\/\"><i class=\"bi bi-github\"><\/i><\/a><\/li>\n                <li><a href=\"\"><i class=\"\"><\/i><\/a><\/li>\n\t\t\t\t-->\n\t<li><a href=\"https:\/\/scholar.google.com\/citations?user=zC9VzB0AAAAJ&#038;hl=en\" target=\"_blank\" rel=\"noopener noreferrer\"><i class=\"bi bi-google\"><\/i><\/a><\/li><li><a href=\"https:\/\/www.linkedin.com\/in\/tcostachioiu\/\" target=\"_blank\" rel=\"noopener noreferrer\"><i class=\"bi bi-linkedin\"><\/i><\/a><\/li><li><a href=\"https:\/\/github.com\/tcostachioiu\/\" target=\"_blank\" rel=\"noopener noreferrer\"><i class=\"bi bi-github\"><\/i><\/a><\/li>            <\/ul>\n\n            <svg xmlns=\"http:\/\/www.w3.org\/2000\/svg\" viewBox=\"0 0 100 100\">\n          <path d=\"m100,0H0v100C0,44.77,44.77,0,100,0Z\" fill=\"#FFF\"> \n          <\/path>\n          <\/svg>\n            <svg xmlns=\"http:\/\/www.w3.org\/2000\/svg\" viewBox=\"0 0 100 100\">\n          <path d=\"m100,0H0v100C0,44.77,44.77,0,100,0Z\" fill=\"#FFF\"> \n          <\/path>\n          <\/svg> \n            <\/div>\n          <\/div>\n                        <div class=\"team-desc\">\n                        <h4><a href=\"https:\/\/geosense.ro\/ro\/team\/teodor-costachioiu\/\">Teodor COST\u0102CHIOIU<\/a><\/h4>\n                        <span>Researcher<\/span>\n                        <\/div>\n\n        <\/div>\n    <\/div>\n              <\/div>\n                              <div class=\"col-lg-3 col-md-6\">\n                    <div class=\"team-style-1\">\n                <div class=\"team-member\">\n                        <div class=\"team-images\">\n             <img loading=\"lazy\" decoding=\"async\" width=\"700\" height=\"748\" src=\"https:\/\/geosense.ro\/wp-content\/uploads\/2026\/03\/MG_6316-scaled-e1774645797634-700x748.jpg\" class=\"attachment-labtox-700x848 size-labtox-700x848 wp-post-image\" alt=\"\" srcset=\"https:\/\/geosense.ro\/wp-content\/uploads\/2026\/03\/MG_6316-scaled-e1774645797634-700x748.jpg 700w, https:\/\/geosense.ro\/wp-content\/uploads\/2026\/03\/MG_6316-scaled-e1774645797634-450x480.jpg 450w\" sizes=\"(max-width: 700px) 100vw, 700px\" \/>            <div class=\"team-social-list\">\n                <span class=\"team-share-icon\"><i class=\"bi bi-share\"><\/i><\/span>\n<ul class=\"team-social-icon list-inline mb-0\">\n\t\t\t\t<!-- By Doru\n                <li><a href=\"\"><i class=\"\"><\/i><\/a><\/li>\n                <li><a href=\"\"><i class=\"\"><\/i><\/a><\/li>\n                <li><a href=\"\"><i class=\"\"><\/i><\/a><\/li>\n                <li><a href=\"\"><i class=\"\"><\/i><\/a><\/li>\n\t\t\t\t-->\n\t            <\/ul>\n\n            <svg xmlns=\"http:\/\/www.w3.org\/2000\/svg\" viewBox=\"0 0 100 100\">\n          <path d=\"m100,0H0v100C0,44.77,44.77,0,100,0Z\" fill=\"#FFF\"> \n          <\/path>\n          <\/svg>\n            <svg xmlns=\"http:\/\/www.w3.org\/2000\/svg\" viewBox=\"0 0 100 100\">\n          <path d=\"m100,0H0v100C0,44.77,44.77,0,100,0Z\" fill=\"#FFF\"> \n          <\/path>\n          <\/svg> \n            <\/div>\n          <\/div>\n                        <div class=\"team-desc\">\n                        <h4><a href=\"https:\/\/geosense.ro\/ro\/team\/corina-vaduva\/\">Corina V\u0102DUVA<\/a><\/h4>\n                        <span>Senior researcher<\/span>\n                        <\/div>\n\n        <\/div>\n    <\/div>\n              <\/div>\n                              <div class=\"col-lg-3 col-md-6\">\n                    <div class=\"team-style-1\">\n                <div class=\"team-member\">\n                        <div class=\"team-images\">\n             <img loading=\"lazy\" decoding=\"async\" width=\"700\" height=\"748\" src=\"https:\/\/geosense.ro\/wp-content\/uploads\/2025\/02\/andreea-griparis-700x748.jpg\" class=\"attachment-labtox-700x848 size-labtox-700x848 wp-post-image\" alt=\"Andreea Griparis\" srcset=\"https:\/\/geosense.ro\/wp-content\/uploads\/2025\/02\/andreea-griparis-700x748.jpg 700w, https:\/\/geosense.ro\/wp-content\/uploads\/2025\/02\/andreea-griparis-450x480.jpg 450w\" sizes=\"(max-width: 700px) 100vw, 700px\" \/>            <div class=\"team-social-list\">\n                <span class=\"team-share-icon\"><i class=\"bi bi-share\"><\/i><\/span>\n<ul class=\"team-social-icon list-inline mb-0\">\n\t\t\t\t<!-- By Doru\n                <li><a href=\"https:\/\/scholar.google.com\/citations?user=9zLonmIAAAAJ\"><i class=\"bi bi-google\"><\/i><\/a><\/li>\n                <li><a href=\"https:\/\/www.researchgate.net\/profile\/Andreea-Griparis\"><i class=\"bi bi-link-45deg\"><\/i><\/a><\/li>\n                <li><a href=\"https:\/\/orcid.org\/0000-0002-3034-9436\"><i class=\"bi bi-link-45deg\"><\/i><\/a><\/li>\n                <li><a href=\"\"><i class=\"\"><\/i><\/a><\/li>\n\t\t\t\t-->\n\t<li><a href=\"https:\/\/scholar.google.com\/citations?user=9zLonmIAAAAJ\" target=\"_blank\" rel=\"noopener noreferrer\"><i class=\"bi bi-google\"><\/i><\/a><\/li><li><a href=\"https:\/\/www.researchgate.net\/profile\/Andreea-Griparis\" target=\"_blank\" rel=\"noopener noreferrer\"><i class=\"bi bi-link-45deg\"><\/i><\/a><\/li><li><a href=\"https:\/\/orcid.org\/0000-0002-3034-9436\" target=\"_blank\" rel=\"noopener noreferrer\"><i class=\"bi bi-link-45deg\"><\/i><\/a><\/li>            <\/ul>\n\n            <svg xmlns=\"http:\/\/www.w3.org\/2000\/svg\" viewBox=\"0 0 100 100\">\n          <path d=\"m100,0H0v100C0,44.77,44.77,0,100,0Z\" fill=\"#FFF\"> \n          <\/path>\n          <\/svg>\n            <svg xmlns=\"http:\/\/www.w3.org\/2000\/svg\" viewBox=\"0 0 100 100\">\n          <path d=\"m100,0H0v100C0,44.77,44.77,0,100,0Z\" fill=\"#FFF\"> \n          <\/path>\n          <\/svg> \n            <\/div>\n          <\/div>\n                        <div class=\"team-desc\">\n                        <h4><a href=\"https:\/\/geosense.ro\/ro\/team\/andreea-griparis\/\">Andreea GRIPARIS<\/a><\/h4>\n                        <span>Researcher<\/span>\n                        <\/div>\n\n        <\/div>\n    <\/div>\n              <\/div>\n                              <div class=\"col-lg-3 col-md-6\">\n                    <div class=\"team-style-1\">\n                <div class=\"team-member\">\n                        <div class=\"team-images\">\n             <img loading=\"lazy\" decoding=\"async\" width=\"460\" height=\"531\" src=\"https:\/\/geosense.ro\/wp-content\/uploads\/2026\/03\/Screenshot-2026-03-25-at-09.12.37.png\" class=\"attachment-labtox-700x848 size-labtox-700x848 wp-post-image\" alt=\"\" srcset=\"https:\/\/geosense.ro\/wp-content\/uploads\/2026\/03\/Screenshot-2026-03-25-at-09.12.37.png 460w, https:\/\/geosense.ro\/wp-content\/uploads\/2026\/03\/Screenshot-2026-03-25-at-09.12.37-260x300.png 260w\" sizes=\"(max-width: 460px) 100vw, 460px\" \/>            <div class=\"team-social-list\">\n                <span class=\"team-share-icon\"><i class=\"bi bi-share\"><\/i><\/span>\n<ul class=\"team-social-icon list-inline mb-0\">\n\t\t\t\t<!-- By Doru\n                <li><a href=\"https:\/\/www.researchgate.net\/scientific-contributions\/Robert-Ionut-Vatasoiu-2207590024\"><i class=\"bi bi-google\"><\/i><\/a><\/li>\n                <li><a href=\"\"><i class=\"\"><\/i><\/a><\/li>\n                <li><a href=\"\"><i class=\"\"><\/i><\/a><\/li>\n                <li><a href=\"\"><i class=\"\"><\/i><\/a><\/li>\n\t\t\t\t-->\n\t<li><a href=\"https:\/\/www.researchgate.net\/scientific-contributions\/Robert-Ionut-Vatasoiu-2207590024\" target=\"_blank\" rel=\"noopener noreferrer\"><i class=\"bi bi-google\"><\/i><\/a><\/li>            <\/ul>\n\n            <svg xmlns=\"http:\/\/www.w3.org\/2000\/svg\" viewBox=\"0 0 100 100\">\n          <path d=\"m100,0H0v100C0,44.77,44.77,0,100,0Z\" fill=\"#FFF\"> \n          <\/path>\n          <\/svg>\n            <svg xmlns=\"http:\/\/www.w3.org\/2000\/svg\" viewBox=\"0 0 100 100\">\n          <path d=\"m100,0H0v100C0,44.77,44.77,0,100,0Z\" fill=\"#FFF\"> \n          <\/path>\n          <\/svg> \n            <\/div>\n          <\/div>\n                        <div class=\"team-desc\">\n                        <h4><a href=\"https:\/\/geosense.ro\/ro\/team\/robert-vatasoiu\/\">Robert V\u0102T\u0102\u0218OIU<\/a><\/h4>\n                        <span>phD student<\/span>\n                        <\/div>\n\n        <\/div>\n    <\/div>\n              <\/div>\n                              <div class=\"col-lg-3 col-md-6\">\n                    <div class=\"team-style-1\">\n                <div class=\"team-member\">\n                        <div class=\"team-images\">\n             <img loading=\"lazy\" decoding=\"async\" width=\"700\" height=\"748\" src=\"https:\/\/geosense.ro\/wp-content\/uploads\/2025\/10\/diana_aamar-700x748.jpg\" class=\"attachment-labtox-700x848 size-labtox-700x848 wp-post-image\" alt=\"Diana Aaamar\" srcset=\"https:\/\/geosense.ro\/wp-content\/uploads\/2025\/10\/diana_aamar-700x748.jpg 700w, https:\/\/geosense.ro\/wp-content\/uploads\/2025\/10\/diana_aamar-450x480.jpg 450w\" sizes=\"(max-width: 700px) 100vw, 700px\" \/>            <div class=\"team-social-list\">\n                <span class=\"team-share-icon\"><i class=\"bi bi-share\"><\/i><\/span>\n<ul class=\"team-social-icon list-inline mb-0\">\n\t\t\t\t<!-- By Doru\n                <li><a href=\"\"><i class=\"\"><\/i><\/a><\/li>\n                <li><a href=\"\"><i class=\"\"><\/i><\/a><\/li>\n                <li><a href=\"\"><i class=\"\"><\/i><\/a><\/li>\n                <li><a href=\"\"><i class=\"\"><\/i><\/a><\/li>\n\t\t\t\t-->\n\t            <\/ul>\n\n            <svg xmlns=\"http:\/\/www.w3.org\/2000\/svg\" viewBox=\"0 0 100 100\">\n          <path d=\"m100,0H0v100C0,44.77,44.77,0,100,0Z\" fill=\"#FFF\"> \n          <\/path>\n          <\/svg>\n            <svg xmlns=\"http:\/\/www.w3.org\/2000\/svg\" viewBox=\"0 0 100 100\">\n          <path d=\"m100,0H0v100C0,44.77,44.77,0,100,0Z\" fill=\"#FFF\"> \n          <\/path>\n          <\/svg> \n            <\/div>\n          <\/div>\n                        <div class=\"team-desc\">\n                        <h4><a href=\"https:\/\/geosense.ro\/ro\/team\/amna-diana-aamar\/\">Amna-Diana AAMAR<\/a><\/h4>\n                        <span>PhD student<\/span>\n                        <\/div>\n\n        <\/div>\n    <\/div>\n              <\/div>\n                              <div class=\"col-lg-3 col-md-6\">\n                    <div class=\"team-style-1\">\n                <div class=\"team-member\">\n                        <div class=\"team-images\">\n             <img loading=\"lazy\" decoding=\"async\" width=\"700\" height=\"748\" src=\"https:\/\/geosense.ro\/wp-content\/uploads\/2026\/03\/alexandru-grivei-700x748.jpg\" class=\"attachment-labtox-700x848 size-labtox-700x848 wp-post-image\" alt=\"Alexandru-Cosmin GRIVEI\" srcset=\"https:\/\/geosense.ro\/wp-content\/uploads\/2026\/03\/alexandru-grivei-700x748.jpg 700w, https:\/\/geosense.ro\/wp-content\/uploads\/2026\/03\/alexandru-grivei-450x480.jpg 450w\" sizes=\"(max-width: 700px) 100vw, 700px\" \/>            <div class=\"team-social-list\">\n                <span class=\"team-share-icon\"><i class=\"bi bi-share\"><\/i><\/span>\n<ul class=\"team-social-icon list-inline mb-0\">\n\t\t\t\t<!-- By Doru\n                <li><a href=\"\"><i class=\"\"><\/i><\/a><\/li>\n                <li><a href=\"\"><i class=\"\"><\/i><\/a><\/li>\n                <li><a href=\"\"><i class=\"\"><\/i><\/a><\/li>\n                <li><a href=\"\"><i class=\"\"><\/i><\/a><\/li>\n\t\t\t\t-->\n\t            <\/ul>\n\n            <svg xmlns=\"http:\/\/www.w3.org\/2000\/svg\" viewBox=\"0 0 100 100\">\n          <path d=\"m100,0H0v100C0,44.77,44.77,0,100,0Z\" fill=\"#FFF\"> \n          <\/path>\n          <\/svg>\n            <svg xmlns=\"http:\/\/www.w3.org\/2000\/svg\" viewBox=\"0 0 100 100\">\n          <path d=\"m100,0H0v100C0,44.77,44.77,0,100,0Z\" fill=\"#FFF\"> \n          <\/path>\n          <\/svg> \n            <\/div>\n          <\/div>\n                        <div class=\"team-desc\">\n                        <h4><a href=\"https:\/\/geosense.ro\/ro\/team\/alexandru-cosmin-grivei\/\">Alexandru-Cosmin GRIVEI<\/a><\/h4>\n                        <span><\/span>\n                        <\/div>\n\n        <\/div>\n    <\/div>\n              <\/div>\n                       <\/div>\n        \t\t\t\t<\/div>\n\t\t\t\t<\/div>\n\t\t\t\t<\/div>\n\t\t\t\t<\/div>\n\t\t","protected":false},"excerpt":{"rendered":"<p>Daniela FAUR Lab coordinator, Senior Researcher Corina V\u0102DUVA Senior researcher Drago\u015f-Ioan S\u0102C\u0102LEANU Researcher Teodor COST\u0102CHIOIU Researcher Andreea GRIPARIS Researcher Robert V\u0102T\u0102\u0218OIU phD student Amna-Diana AAMAR PhD student<\/p>\n","protected":false},"author":3,"featured_media":0,"parent":0,"menu_order":0,"comment_status":"closed","ping_status":"closed","template":"","meta":{"_acf_changed":false,"footnotes":""},"class_list":["post-13700","page","type-page","status-publish","hentry"],"acf":[],"aioseo_notices":[],"_links":{"self":[{"href":"https:\/\/geosense.ro\/ro\/wp-json\/wp\/v2\/pages\/13700","targetHints":{"allow":["GET"]}}],"collection":[{"href":"https:\/\/geosense.ro\/ro\/wp-json\/wp\/v2\/pages"}],"about":[{"href":"https:\/\/geosense.ro\/ro\/wp-json\/wp\/v2\/types\/page"}],"author":[{"embeddable":true,"href":"https:\/\/geosense.ro\/ro\/wp-json\/wp\/v2\/users\/3"}],"replies":[{"embeddable":true,"href":"https:\/\/geosense.ro\/ro\/wp-json\/wp\/v2\/comments?post=13700"}],"version-history":[{"count":1,"href":"https:\/\/geosense.ro\/ro\/wp-json\/wp\/v2\/pages\/13700\/revisions"}],"predecessor-version":[{"id":13701,"href":"https:\/\/geosense.ro\/ro\/wp-json\/wp\/v2\/pages\/13700\/revisions\/13701"}],"wp:attachment":[{"href":"https:\/\/geosense.ro\/ro\/wp-json\/wp\/v2\/media?parent=13700"}],"curies":[{"name":"wp","href":"https:\/\/api.w.org\/{rel}","templated":true}]}}